{"id":5263,"date":"2024-02-26T10:18:09","date_gmt":"2024-02-26T10:18:09","guid":{"rendered":"https:\/\/nidaloghouses.com\/product\/bloosom-castle\/"},"modified":"2025-06-12T10:57:30","modified_gmt":"2025-06-12T10:57:30","slug":"bloosom-castle","status":"publish","type":"product","link":"https:\/\/nidaloghouses.com\/de\/catalogue\/blockhutten\/bloosom-castle\/","title":{"rendered":"Bloosom Castle"},"content":{"rendered":"<p>Entdecken Sie den Charme und die Funktionalit\u00e4t des Blockhauses \u201eBloosom Castle\u201c. Diese exquisite kleine Residenz wurde mit Blick auf Effizienz entworfen und bietet einen gem\u00fctlichen R\u00fcckzugsort f\u00fcr alle, die Einfachheit und Komfort suchen. Die sorgf\u00e4ltig positionierten Fenster bringen die Sch\u00f6nheit der Natur ins Innere und erinnern Sie stets an die Ruhe, die Sie umgibt. Je nach Ihren Bed\u00fcrfnissen stehen mehrere Gr\u00f6\u00dfenoptionen zur Auswahl: mit einer Wohnfl\u00e4che von 10 bis 26 m\u00b2.<\/p>\n","protected":false},"excerpt":{"rendered":"<p>Entdecken Sie den Charme und die Funktionalit\u00e4t der Blockh\u00fctte \u201eBloosom Castle\u201c. Diese exquisite kleine Residenz wurde mit Blick auf Effizienz entworfen und bietet einen gem\u00fctlichen R\u00fcckzugsort f\u00fcr alle, die Einfachheit und Komfort suchen. Je nach Bedarf stehen verschiedene Gr\u00f6\u00dfen zur Auswahl: mit einer Wohnfl\u00e4che von 10 bis 26 m\u00b2.<\/p>\n","protected":false},"featured_media":10763,"template":"","meta":{"_acf_changed":false,"inline_featured_image":false},"location":[],"type-category":[],"product_brand":[],"product_cat":[82,84],"product_tag":[],"class_list":{"0":"post-5263","1":"product","2":"type-product","3":"status-publish","4":"has-post-thumbnail","6":"product_cat-blockhutten","7":"product_cat-gartenraume","9":"first","10":"instock","11":"taxable","12":"shipping-taxable","13":"purchasable","14":"product-type-variable"},"acf":[],"_links":{"self":[{"href":"https:\/\/nidaloghouses.com\/de\/wp-json\/wp\/v2\/product\/5263","targetHints":{"allow":["GET"]}}],"collection":[{"href":"https:\/\/nidaloghouses.com\/de\/wp-json\/wp\/v2\/product"}],"about":[{"href":"https:\/\/nidaloghouses.com\/de\/wp-json\/wp\/v2\/types\/product"}],"wp:featuredmedia":[{"embeddable":true,"href":"https:\/\/nidaloghouses.com\/de\/wp-json\/wp\/v2\/media\/10763"}],"wp:attachment":[{"href":"https:\/\/nidaloghouses.com\/de\/wp-json\/wp\/v2\/media?parent=5263"}],"wp:term":[{"taxonomy":"location","embeddable":true,"href":"https:\/\/nidaloghouses.com\/de\/wp-json\/wp\/v2\/location?post=5263"},{"taxonomy":"type-category","embeddable":true,"href":"https:\/\/nidaloghouses.com\/de\/wp-json\/wp\/v2\/type-category?post=5263"},{"taxonomy":"product_brand","embeddable":true,"href":"https:\/\/nidaloghouses.com\/de\/wp-json\/wp\/v2\/product_brand?post=5263"},{"taxonomy":"product_cat","embeddable":true,"href":"https:\/\/nidaloghouses.com\/de\/wp-json\/wp\/v2\/product_cat?post=5263"},{"taxonomy":"product_tag","embeddable":true,"href":"https:\/\/nidaloghouses.com\/de\/wp-json\/wp\/v2\/product_tag?post=5263"}],"curies":[{"name":"wp","href":"https:\/\/api.w.org\/{rel}","templated":true}]}}