{"id":5242,"date":"2024-02-26T10:28:20","date_gmt":"2024-02-26T10:28:20","guid":{"rendered":"https:\/\/nidaloghouses.com\/product\/cypress-snug\/"},"modified":"2025-06-12T10:56:00","modified_gmt":"2025-06-12T10:56:00","slug":"cypress-snug","status":"publish","type":"product","link":"https:\/\/nidaloghouses.com\/de\/catalogue\/gartenraume\/cypress-snug\/","title":{"rendered":"Cypress Snug"},"content":{"rendered":"<p>Willkommen in unserer urigen kleinen Blockh\u00fctte \u201eCypress Snug\u201c, wo gro\u00dfe Tr\u00e4ume auf kleinem Raum wahr werden. Dieses charmante Haus ist ein R\u00fcckzugsort f\u00fcr alle, die Einfachheit und Ruhe suchen. Naturholz und gro\u00dfe Fenster sorgen f\u00fcr Gem\u00fctlichkeit und bieten einen herrlichen Blick auf die umliegende Natur. W\u00e4hlen Sie aus unserem Angebot an Gr\u00f6\u00dfen: 10 bis 22 m\u00b2 Wohnfl\u00e4che.<\/p>\n","protected":false},"excerpt":{"rendered":"<p>Willkommen in unserer urigen kleinen Blockh\u00fctte \u201eCypress Snug\u201c, wo gro\u00dfe Tr\u00e4ume auf kleinem Raum wahr werden. Dieses charmante Haus ist ein R\u00fcckzugsort f\u00fcr alle, die Einfachheit und Ruhe suchen. W\u00e4hlen Sie aus unserem Angebot an Gr\u00f6\u00dfen: 10 bis 22 m\u00b2 Wohnfl\u00e4che.<\/p>\n","protected":false},"featured_media":10775,"template":"","meta":{"_acf_changed":false,"inline_featured_image":false},"location":[],"type-category":[],"product_brand":[],"product_cat":[84],"product_tag":[],"class_list":{"0":"post-5242","1":"product","2":"type-product","3":"status-publish","4":"has-post-thumbnail","6":"product_cat-gartenraume","8":"first","9":"instock","10":"taxable","11":"shipping-taxable","12":"purchasable","13":"product-type-variable"},"acf":[],"_links":{"self":[{"href":"https:\/\/nidaloghouses.com\/de\/wp-json\/wp\/v2\/product\/5242","targetHints":{"allow":["GET"]}}],"collection":[{"href":"https:\/\/nidaloghouses.com\/de\/wp-json\/wp\/v2\/product"}],"about":[{"href":"https:\/\/nidaloghouses.com\/de\/wp-json\/wp\/v2\/types\/product"}],"wp:featuredmedia":[{"embeddable":true,"href":"https:\/\/nidaloghouses.com\/de\/wp-json\/wp\/v2\/media\/10775"}],"wp:attachment":[{"href":"https:\/\/nidaloghouses.com\/de\/wp-json\/wp\/v2\/media?parent=5242"}],"wp:term":[{"taxonomy":"location","embeddable":true,"href":"https:\/\/nidaloghouses.com\/de\/wp-json\/wp\/v2\/location?post=5242"},{"taxonomy":"type-category","embeddable":true,"href":"https:\/\/nidaloghouses.com\/de\/wp-json\/wp\/v2\/type-category?post=5242"},{"taxonomy":"product_brand","embeddable":true,"href":"https:\/\/nidaloghouses.com\/de\/wp-json\/wp\/v2\/product_brand?post=5242"},{"taxonomy":"product_cat","embeddable":true,"href":"https:\/\/nidaloghouses.com\/de\/wp-json\/wp\/v2\/product_cat?post=5242"},{"taxonomy":"product_tag","embeddable":true,"href":"https:\/\/nidaloghouses.com\/de\/wp-json\/wp\/v2\/product_tag?post=5242"}],"curies":[{"name":"wp","href":"https:\/\/api.w.org\/{rel}","templated":true}]}}