{"id":5223,"date":"2024-02-26T10:55:27","date_gmt":"2024-02-26T10:55:27","guid":{"rendered":"https:\/\/nidaloghouses.com\/product\/breeze-dwelling\/"},"modified":"2025-06-12T10:53:44","modified_gmt":"2025-06-12T10:53:44","slug":"breeze-dwelling","status":"publish","type":"product","link":"https:\/\/nidaloghouses.com\/de\/catalogue\/blockhutten\/breeze-dwelling\/","title":{"rendered":"Breeze Dwelling"},"content":{"rendered":"<p>Entdecken Sie die perfekte Balance zwischen Ger\u00e4umigkeit und Gem\u00fctlichkeit in unserer durchdachten Blockh\u00fctte \u201eBreeze Dwelling\u201c. Die Fenster sind sorgf\u00e4ltig platziert, um viel Tageslicht hereinzulassen und einen herrlichen Blick auf die ruhige Umgebung zu bieten. Es ist der ideale Ort, um die friedliche Atmosph\u00e4re zu genie\u00dfen und in Ihrem pers\u00f6nlichen R\u00fcckzugsort bleibende Erinnerungen zu schaffen. W\u00e4hlen Sie aus unserem Angebot an Gr\u00f6\u00dfen: 10 bis 27 m\u00b2 Wohnfl\u00e4che.<\/p>\n","protected":false},"excerpt":{"rendered":"<p>Entdecken Sie die richtige Balance zwischen Ger\u00e4umigkeit und Gem\u00fctlichkeit in unserer durchdachten Blockh\u00fctte \u201eBreeze Dwelling\u201c. W\u00e4hlen Sie aus unserem Angebot an Gr\u00f6\u00dfen: 10 bis 27 m\u00b2 Wohnfl\u00e4che.<\/p>\n","protected":false},"featured_media":10787,"template":"","meta":{"_acf_changed":false,"inline_featured_image":false},"location":[],"type-category":[],"product_brand":[],"product_cat":[82],"product_tag":[],"class_list":{"0":"post-5223","1":"product","2":"type-product","3":"status-publish","4":"has-post-thumbnail","6":"product_cat-blockhutten","8":"first","9":"instock","10":"taxable","11":"shipping-taxable","12":"purchasable","13":"product-type-variable"},"acf":[],"_links":{"self":[{"href":"https:\/\/nidaloghouses.com\/de\/wp-json\/wp\/v2\/product\/5223","targetHints":{"allow":["GET"]}}],"collection":[{"href":"https:\/\/nidaloghouses.com\/de\/wp-json\/wp\/v2\/product"}],"about":[{"href":"https:\/\/nidaloghouses.com\/de\/wp-json\/wp\/v2\/types\/product"}],"wp:featuredmedia":[{"embeddable":true,"href":"https:\/\/nidaloghouses.com\/de\/wp-json\/wp\/v2\/media\/10787"}],"wp:attachment":[{"href":"https:\/\/nidaloghouses.com\/de\/wp-json\/wp\/v2\/media?parent=5223"}],"wp:term":[{"taxonomy":"location","embeddable":true,"href":"https:\/\/nidaloghouses.com\/de\/wp-json\/wp\/v2\/location?post=5223"},{"taxonomy":"type-category","embeddable":true,"href":"https:\/\/nidaloghouses.com\/de\/wp-json\/wp\/v2\/type-category?post=5223"},{"taxonomy":"product_brand","embeddable":true,"href":"https:\/\/nidaloghouses.com\/de\/wp-json\/wp\/v2\/product_brand?post=5223"},{"taxonomy":"product_cat","embeddable":true,"href":"https:\/\/nidaloghouses.com\/de\/wp-json\/wp\/v2\/product_cat?post=5223"},{"taxonomy":"product_tag","embeddable":true,"href":"https:\/\/nidaloghouses.com\/de\/wp-json\/wp\/v2\/product_tag?post=5223"}],"curies":[{"name":"wp","href":"https:\/\/api.w.org\/{rel}","templated":true}]}}