{"id":5203,"date":"2024-02-26T11:04:49","date_gmt":"2024-02-26T11:04:49","guid":{"rendered":"https:\/\/nidaloghouses.com\/product\/celestial-bungalow\/"},"modified":"2025-06-12T10:52:02","modified_gmt":"2025-06-12T10:52:02","slug":"celestial-bungalow","status":"publish","type":"product","link":"https:\/\/nidaloghouses.com\/de\/catalogue\/gartenraume\/celestial-bungalow\/","title":{"rendered":"Celestial Bungalow"},"content":{"rendered":"<p>Ob Sie nun wieder Kontakt zur Natur suchen, wertvolle Zeit mit Ihren Lieben verbringen oder die dringend ben\u00f6tigte Einsamkeit genie\u00dfen m\u00f6chten, die Blockh\u00fctte \u201eCelestial Bungalow\u201d ist das perfekte Ziel f\u00fcr alle, die Ruhe und Erholung vom Chaos der Welt suchen. Die gro\u00dfen Fenster f\u00fcllen den Raum nicht nur mit sanftem, nat\u00fcrlichem Licht, sondern bieten auch einen wundersch\u00f6nen Blick auf die umliegende Natur. Je nach Bedarf stehen Wohnfl\u00e4chen von 10 bis 26 m\u00b2 zur Auswahl.<\/p>\n","protected":false},"excerpt":{"rendered":"<p>Ob Sie sich wieder mit der Natur verbinden, wertvolle Zeit mit Ihren Lieben verbringen oder die dringend ben\u00f6tigte Einsamkeit genie\u00dfen m\u00f6chten, die Blockh\u00fctte \u201eCelestial Bungalow\u201d ist das perfekte Ziel f\u00fcr alle, die Ruhe und Erholung vom Chaos der Welt suchen. Je nach Ihren Bed\u00fcrfnissen stehen Ihnen Wohnfl\u00e4chen von 10 bis 26 m\u00b2 zur Auswahl.<\/p>\n","protected":false},"featured_media":10799,"template":"","meta":{"_acf_changed":false,"inline_featured_image":false},"location":[],"type-category":[],"product_brand":[],"product_cat":[84],"product_tag":[],"class_list":{"0":"post-5203","1":"product","2":"type-product","3":"status-publish","4":"has-post-thumbnail","6":"product_cat-gartenraume","8":"first","9":"instock","10":"taxable","11":"shipping-taxable","12":"purchasable","13":"product-type-variable"},"acf":[],"_links":{"self":[{"href":"https:\/\/nidaloghouses.com\/de\/wp-json\/wp\/v2\/product\/5203","targetHints":{"allow":["GET"]}}],"collection":[{"href":"https:\/\/nidaloghouses.com\/de\/wp-json\/wp\/v2\/product"}],"about":[{"href":"https:\/\/nidaloghouses.com\/de\/wp-json\/wp\/v2\/types\/product"}],"wp:featuredmedia":[{"embeddable":true,"href":"https:\/\/nidaloghouses.com\/de\/wp-json\/wp\/v2\/media\/10799"}],"wp:attachment":[{"href":"https:\/\/nidaloghouses.com\/de\/wp-json\/wp\/v2\/media?parent=5203"}],"wp:term":[{"taxonomy":"location","embeddable":true,"href":"https:\/\/nidaloghouses.com\/de\/wp-json\/wp\/v2\/location?post=5203"},{"taxonomy":"type-category","embeddable":true,"href":"https:\/\/nidaloghouses.com\/de\/wp-json\/wp\/v2\/type-category?post=5203"},{"taxonomy":"product_brand","embeddable":true,"href":"https:\/\/nidaloghouses.com\/de\/wp-json\/wp\/v2\/product_brand?post=5203"},{"taxonomy":"product_cat","embeddable":true,"href":"https:\/\/nidaloghouses.com\/de\/wp-json\/wp\/v2\/product_cat?post=5203"},{"taxonomy":"product_tag","embeddable":true,"href":"https:\/\/nidaloghouses.com\/de\/wp-json\/wp\/v2\/product_tag?post=5203"}],"curies":[{"name":"wp","href":"https:\/\/api.w.org\/{rel}","templated":true}]}}