{"id":5181,"date":"2024-02-26T11:16:19","date_gmt":"2024-02-26T11:16:19","guid":{"rendered":"https:\/\/nidaloghouses.com\/product\/peaceful-trail\/"},"modified":"2025-06-12T10:50:10","modified_gmt":"2025-06-12T10:50:10","slug":"peaceful-trail","status":"publish","type":"product","link":"https:\/\/nidaloghouses.com\/de\/catalogue\/gartenraume\/peaceful-trail\/","title":{"rendered":"Peaceful Trail"},"content":{"rendered":"<p>Freuen Sie sich auf ein gem\u00fctliches Erlebnis in der Blockh\u00fctte \u201ePeaceful Trail\u201c, die sowohl mit Charme als auch mit Funktionalit\u00e4t gestaltet wurde. Die doppelseitigen Glast\u00fcren und sorgf\u00e4ltig positionierten Fenster schaffen einen hellen und einladenden Innenraum mit viel nat\u00fcrlichem Sonnenlicht. Je nach Bedarf stehen Wohnfl\u00e4chen von 10 bis 22 m\u00b2 zur Auswahl.<\/p>\n","protected":false},"excerpt":{"rendered":"<p>Freuen Sie sich auf einen angenehmen Aufenthalt in der Blockh\u00fctte \u201ePeaceful Trail\u201c, die sowohl Charme als auch Funktionalit\u00e4t bietet. Je nach Bedarf stehen Ihnen Wohnfl\u00e4chen von 10 bis 22 m\u00b2 zur Auswahl.<\/p>\n","protected":false},"featured_media":10811,"template":"","meta":{"_acf_changed":false,"inline_featured_image":false},"location":[],"type-category":[],"product_brand":[],"product_cat":[84],"product_tag":[],"class_list":{"0":"post-5181","1":"product","2":"type-product","3":"status-publish","4":"has-post-thumbnail","6":"product_cat-gartenraume","8":"first","9":"instock","10":"taxable","11":"shipping-taxable","12":"purchasable","13":"product-type-variable"},"acf":[],"_links":{"self":[{"href":"https:\/\/nidaloghouses.com\/de\/wp-json\/wp\/v2\/product\/5181","targetHints":{"allow":["GET"]}}],"collection":[{"href":"https:\/\/nidaloghouses.com\/de\/wp-json\/wp\/v2\/product"}],"about":[{"href":"https:\/\/nidaloghouses.com\/de\/wp-json\/wp\/v2\/types\/product"}],"wp:featuredmedia":[{"embeddable":true,"href":"https:\/\/nidaloghouses.com\/de\/wp-json\/wp\/v2\/media\/10811"}],"wp:attachment":[{"href":"https:\/\/nidaloghouses.com\/de\/wp-json\/wp\/v2\/media?parent=5181"}],"wp:term":[{"taxonomy":"location","embeddable":true,"href":"https:\/\/nidaloghouses.com\/de\/wp-json\/wp\/v2\/location?post=5181"},{"taxonomy":"type-category","embeddable":true,"href":"https:\/\/nidaloghouses.com\/de\/wp-json\/wp\/v2\/type-category?post=5181"},{"taxonomy":"product_brand","embeddable":true,"href":"https:\/\/nidaloghouses.com\/de\/wp-json\/wp\/v2\/product_brand?post=5181"},{"taxonomy":"product_cat","embeddable":true,"href":"https:\/\/nidaloghouses.com\/de\/wp-json\/wp\/v2\/product_cat?post=5181"},{"taxonomy":"product_tag","embeddable":true,"href":"https:\/\/nidaloghouses.com\/de\/wp-json\/wp\/v2\/product_tag?post=5181"}],"curies":[{"name":"wp","href":"https:\/\/api.w.org\/{rel}","templated":true}]}}