{"id":5139,"date":"2024-02-26T11:38:58","date_gmt":"2024-02-26T11:38:58","guid":{"rendered":"https:\/\/nidaloghouses.com\/product\/magical-escape\/"},"modified":"2025-06-12T10:19:58","modified_gmt":"2025-06-12T10:19:58","slug":"magical-escape","status":"publish","type":"product","link":"https:\/\/nidaloghouses.com\/de\/catalogue\/gartenraume\/magical-escape\/","title":{"rendered":"Magical Escape"},"content":{"rendered":"<p>Suchen Sie einen Ort, an dem Sie sich in einer ruhigen Atmosph\u00e4re entspannen und erholen k\u00f6nnen? Dann ist die Blockh\u00fctte \u201eMagical Escape\u201c genau das Richtige f\u00fcr Sie. \u00d6ffnen Sie die doppelseitigen Glast\u00fcren, um das Sonnenlicht hereinzulassen, w\u00e4hrend die sorgf\u00e4ltig platzierten Fenster die Sch\u00f6nheit der Natur ins Innere holen. Je nach Bedarf stehen Ihnen Wohnfl\u00e4chen von 10 bis 26 m\u00b2 zur Auswahl.<\/p>\n","protected":false},"excerpt":{"rendered":"<p>Suchen Sie einen Ort, an dem Sie sich in einer ruhigen Atmosph\u00e4re entspannen und erholen k\u00f6nnen? Dann ist die Blockh\u00fctte \u201eMagical Escape\u201c genau das Richtige f\u00fcr Sie. \u00d6ffnen Sie die doppelseitigen Glast\u00fcren, um das Sonnenlicht hereinzulassen, w\u00e4hrend die sorgf\u00e4ltig platzierten Fenster die Sch\u00f6nheit der Natur ins Innere holen. Je nach Bedarf stehen Ihnen Wohnfl\u00e4chen von 10 bis 26 m\u00b2 zur Auswahl.<\/p>\n","protected":false},"featured_media":10836,"template":"","meta":{"_acf_changed":false,"inline_featured_image":false},"location":[],"type-category":[],"product_brand":[],"product_cat":[84],"product_tag":[],"class_list":{"0":"post-5139","1":"product","2":"type-product","3":"status-publish","4":"has-post-thumbnail","6":"product_cat-gartenraume","8":"first","9":"instock","10":"taxable","11":"shipping-taxable","12":"purchasable","13":"product-type-variable"},"acf":[],"_links":{"self":[{"href":"https:\/\/nidaloghouses.com\/de\/wp-json\/wp\/v2\/product\/5139","targetHints":{"allow":["GET"]}}],"collection":[{"href":"https:\/\/nidaloghouses.com\/de\/wp-json\/wp\/v2\/product"}],"about":[{"href":"https:\/\/nidaloghouses.com\/de\/wp-json\/wp\/v2\/types\/product"}],"wp:featuredmedia":[{"embeddable":true,"href":"https:\/\/nidaloghouses.com\/de\/wp-json\/wp\/v2\/media\/10836"}],"wp:attachment":[{"href":"https:\/\/nidaloghouses.com\/de\/wp-json\/wp\/v2\/media?parent=5139"}],"wp:term":[{"taxonomy":"location","embeddable":true,"href":"https:\/\/nidaloghouses.com\/de\/wp-json\/wp\/v2\/location?post=5139"},{"taxonomy":"type-category","embeddable":true,"href":"https:\/\/nidaloghouses.com\/de\/wp-json\/wp\/v2\/type-category?post=5139"},{"taxonomy":"product_brand","embeddable":true,"href":"https:\/\/nidaloghouses.com\/de\/wp-json\/wp\/v2\/product_brand?post=5139"},{"taxonomy":"product_cat","embeddable":true,"href":"https:\/\/nidaloghouses.com\/de\/wp-json\/wp\/v2\/product_cat?post=5139"},{"taxonomy":"product_tag","embeddable":true,"href":"https:\/\/nidaloghouses.com\/de\/wp-json\/wp\/v2\/product_tag?post=5139"}],"curies":[{"name":"wp","href":"https:\/\/api.w.org\/{rel}","templated":true}]}}