{"id":5105,"date":"2024-02-26T11:52:37","date_gmt":"2024-02-26T11:52:37","guid":{"rendered":"https:\/\/nidaloghouses.com\/product\/flameflower-flat\/"},"modified":"2025-06-12T10:18:12","modified_gmt":"2025-06-12T10:18:12","slug":"flameflower-flat","status":"publish","type":"product","link":"https:\/\/nidaloghouses.com\/de\/catalogue\/blockhauser\/flameflower-flat\/","title":{"rendered":"Flameflower Flat"},"content":{"rendered":"<p>Das Blockhaus \u201eFlameflower\u201c bietet mit seiner cleveren Aufteilung auf 47 m\u00b2 Wohnfl\u00e4che alles, was man sich von einem Ferienhaus w\u00fcnschen kann. Dieses Blockhausmodell verf\u00fcgt \u00fcber eine gro\u00dfe Terrasse, auf der Sie die frische Luft und die wundersch\u00f6ne Umgebung genie\u00dfen k\u00f6nnen. Im Inneren durchflutet Sonnenlicht durch gro\u00dfz\u00fcgige Fenster die offenen Wohnr\u00e4ume und schafft eine gem\u00fctliche und einladende Atmosph\u00e4re. Au\u00dferdem gibt es einen Zwischengeschossbereich, der als Schlafbereich, Stauraum oder einfach als Lounge f\u00fcr gem\u00fctliche Abende mit Freunden genutzt werden kann.<\/p>\n","protected":false},"excerpt":{"rendered":"<p>Das Blockhaus \u201eFlameflower\u201c bietet mit seiner cleveren Aufteilung auf 47 m\u00b2 Wohnfl\u00e4che alles, was man sich von einem Ferienhaus w\u00fcnschen kann. Dieses Blockhausmodell verf\u00fcgt \u00fcber eine gro\u00dfe Terrasse, auf der Sie die frische Luft und die wundersch\u00f6ne Umgebung genie\u00dfen k\u00f6nnen.<\/p>\n","protected":false},"featured_media":10860,"template":"","meta":{"_acf_changed":false,"inline_featured_image":false},"location":[],"type-category":[],"product_brand":[],"product_cat":[77],"product_tag":[78],"class_list":{"0":"post-5105","1":"product","2":"type-product","3":"status-publish","4":"has-post-thumbnail","6":"product_cat-blockhauser","7":"product_tag-log-houses-de","9":"first","10":"instock","11":"taxable","12":"shipping-taxable","13":"purchasable","14":"product-type-variable"},"acf":[],"_links":{"self":[{"href":"https:\/\/nidaloghouses.com\/de\/wp-json\/wp\/v2\/product\/5105","targetHints":{"allow":["GET"]}}],"collection":[{"href":"https:\/\/nidaloghouses.com\/de\/wp-json\/wp\/v2\/product"}],"about":[{"href":"https:\/\/nidaloghouses.com\/de\/wp-json\/wp\/v2\/types\/product"}],"wp:featuredmedia":[{"embeddable":true,"href":"https:\/\/nidaloghouses.com\/de\/wp-json\/wp\/v2\/media\/10860"}],"wp:attachment":[{"href":"https:\/\/nidaloghouses.com\/de\/wp-json\/wp\/v2\/media?parent=5105"}],"wp:term":[{"taxonomy":"location","embeddable":true,"href":"https:\/\/nidaloghouses.com\/de\/wp-json\/wp\/v2\/location?post=5105"},{"taxonomy":"type-category","embeddable":true,"href":"https:\/\/nidaloghouses.com\/de\/wp-json\/wp\/v2\/type-category?post=5105"},{"taxonomy":"product_brand","embeddable":true,"href":"https:\/\/nidaloghouses.com\/de\/wp-json\/wp\/v2\/product_brand?post=5105"},{"taxonomy":"product_cat","embeddable":true,"href":"https:\/\/nidaloghouses.com\/de\/wp-json\/wp\/v2\/product_cat?post=5105"},{"taxonomy":"product_tag","embeddable":true,"href":"https:\/\/nidaloghouses.com\/de\/wp-json\/wp\/v2\/product_tag?post=5105"}],"curies":[{"name":"wp","href":"https:\/\/api.w.org\/{rel}","templated":true}]}}