{"id":5096,"date":"2024-02-26T11:54:59","date_gmt":"2024-02-26T11:54:59","guid":{"rendered":"https:\/\/nidaloghouses.com\/product\/forest-daybreak\/"},"modified":"2025-06-12T10:16:10","modified_gmt":"2025-06-12T10:16:10","slug":"forest-daybreak","status":"publish","type":"product","link":"https:\/\/nidaloghouses.com\/de\/catalogue\/holzhauser-fur-wohnzwecke\/forest-daybreak\/","title":{"rendered":"Forest Daybreak"},"content":{"rendered":"<p>Suchen Sie einen magischen Ort, der Sie immer wieder zur\u00fcckzieht? \u201eForest Daybreak\u201c ist eines unserer gr\u00f6\u00dften Blockh\u00e4user und der perfekte Ort, um sich in Gesellschaft zu entspannen, wo jeder seinen Lieblingsplatz finden oder mit anderen zusammen sein kann. Die warme Umh\u00fcllung aus Naturholz, erg\u00e4nzt durch Tageslicht hereinlassende Fenster, schafft eine gem\u00fctliche Atmosph\u00e4re, die Sie mit Ihrer Umgebung verbindet. Was gibt es Sch\u00f6neres, als Zeit mit Ihren Lieben in Ihrer heimeligen Umgebung zu verbringen?<\/p>\n","protected":false},"excerpt":{"rendered":"<p>Suchen Sie einen magischen Ort, der Sie immer wieder zur\u00fcckzieht? \u201eForest Daybreak\u201c ist eines unserer gr\u00f6\u00dften Blockh\u00e4user und der perfekte Ort, um sich in Gesellschaft zu entspannen, wo jeder seinen Lieblingsplatz finden oder mit anderen zusammen sein kann.<\/p>\n","protected":false},"featured_media":10719,"template":"","meta":{"_acf_changed":false,"inline_featured_image":false},"location":[],"type-category":[],"product_brand":[],"product_cat":[75],"product_tag":[],"class_list":{"0":"post-5096","1":"product","2":"type-product","3":"status-publish","4":"has-post-thumbnail","6":"product_cat-holzhauser-fur-wohnzwecke","8":"first","9":"instock","10":"taxable","11":"shipping-taxable","12":"purchasable","13":"product-type-variable"},"acf":[],"_links":{"self":[{"href":"https:\/\/nidaloghouses.com\/de\/wp-json\/wp\/v2\/product\/5096","targetHints":{"allow":["GET"]}}],"collection":[{"href":"https:\/\/nidaloghouses.com\/de\/wp-json\/wp\/v2\/product"}],"about":[{"href":"https:\/\/nidaloghouses.com\/de\/wp-json\/wp\/v2\/types\/product"}],"wp:featuredmedia":[{"embeddable":true,"href":"https:\/\/nidaloghouses.com\/de\/wp-json\/wp\/v2\/media\/10719"}],"wp:attachment":[{"href":"https:\/\/nidaloghouses.com\/de\/wp-json\/wp\/v2\/media?parent=5096"}],"wp:term":[{"taxonomy":"location","embeddable":true,"href":"https:\/\/nidaloghouses.com\/de\/wp-json\/wp\/v2\/location?post=5096"},{"taxonomy":"type-category","embeddable":true,"href":"https:\/\/nidaloghouses.com\/de\/wp-json\/wp\/v2\/type-category?post=5096"},{"taxonomy":"product_brand","embeddable":true,"href":"https:\/\/nidaloghouses.com\/de\/wp-json\/wp\/v2\/product_brand?post=5096"},{"taxonomy":"product_cat","embeddable":true,"href":"https:\/\/nidaloghouses.com\/de\/wp-json\/wp\/v2\/product_cat?post=5096"},{"taxonomy":"product_tag","embeddable":true,"href":"https:\/\/nidaloghouses.com\/de\/wp-json\/wp\/v2\/product_tag?post=5096"}],"curies":[{"name":"wp","href":"https:\/\/api.w.org\/{rel}","templated":true}]}}