{"id":5075,"date":"2024-02-26T11:57:13","date_gmt":"2024-02-26T11:57:13","guid":{"rendered":"https:\/\/nidaloghouses.com\/product\/dreamy-dell\/"},"modified":"2025-06-12T10:13:26","modified_gmt":"2025-06-12T10:13:26","slug":"dreamy-dell","status":"publish","type":"product","link":"https:\/\/nidaloghouses.com\/de\/catalogue\/holzhauser-fur-wohnzwecke\/dreamy-dell\/","title":{"rendered":"Dreamy Dell"},"content":{"rendered":"<p>Was f\u00fcr ein wundersch\u00f6nes Wohnhaus aus Holz! Sie werden von Dreamy Dell, unserem gr\u00f6\u00dften Wohnhausprojekt aus Holz mit einer Gesamtwohnfl\u00e4che von 144 m\u00b2, begeistert sein. Es bietet alles, was Sie brauchen, um Ihre Zeit mit einer gro\u00dfen Gesellschaft zu genie\u00dfen \u2013 ein ger\u00e4umiges Wohnzimmer mit einer K\u00fcche, in die durch die vielen Fenster viel Licht f\u00e4llt, praktische separate Schlafzimmer und sogar drei Terrassen auf verschiedenen Seiten des Hauses.<\/p>\n","protected":false},"excerpt":{"rendered":"<p>Was f\u00fcr ein wundersch\u00f6nes Haus! Sie werden von Dreamy Dell, unserem gr\u00f6\u00dften Blockhausprojekt mit einer Gesamtwohnfl\u00e4che von 144 m\u00b2, sofort begeistert sein. Es bietet alles, was Sie brauchen, um Ihre Zeit mit einer gro\u00dfen Gesellschaft zu genie\u00dfen \u2013 ein ger\u00e4umiges Wohnzimmer mit einer K\u00fcche, in die durch die vielen Fenster viel Licht f\u00e4llt, praktische separate Schlafzimmer und sogar drei Terrassen auf verschiedenen Seiten des Hauses.<\/p>\n","protected":false},"featured_media":10700,"template":"","meta":{"_acf_changed":false,"inline_featured_image":false},"location":[],"type-category":[],"product_brand":[],"product_cat":[75],"product_tag":[76],"class_list":{"0":"post-5075","1":"product","2":"type-product","3":"status-publish","4":"has-post-thumbnail","6":"product_cat-holzhauser-fur-wohnzwecke","7":"product_tag-residential-log-homes-de","9":"first","10":"instock","11":"taxable","12":"shipping-taxable","13":"purchasable","14":"product-type-variable"},"acf":[],"_links":{"self":[{"href":"https:\/\/nidaloghouses.com\/de\/wp-json\/wp\/v2\/product\/5075","targetHints":{"allow":["GET"]}}],"collection":[{"href":"https:\/\/nidaloghouses.com\/de\/wp-json\/wp\/v2\/product"}],"about":[{"href":"https:\/\/nidaloghouses.com\/de\/wp-json\/wp\/v2\/types\/product"}],"wp:featuredmedia":[{"embeddable":true,"href":"https:\/\/nidaloghouses.com\/de\/wp-json\/wp\/v2\/media\/10700"}],"wp:attachment":[{"href":"https:\/\/nidaloghouses.com\/de\/wp-json\/wp\/v2\/media?parent=5075"}],"wp:term":[{"taxonomy":"location","embeddable":true,"href":"https:\/\/nidaloghouses.com\/de\/wp-json\/wp\/v2\/location?post=5075"},{"taxonomy":"type-category","embeddable":true,"href":"https:\/\/nidaloghouses.com\/de\/wp-json\/wp\/v2\/type-category?post=5075"},{"taxonomy":"product_brand","embeddable":true,"href":"https:\/\/nidaloghouses.com\/de\/wp-json\/wp\/v2\/product_brand?post=5075"},{"taxonomy":"product_cat","embeddable":true,"href":"https:\/\/nidaloghouses.com\/de\/wp-json\/wp\/v2\/product_cat?post=5075"},{"taxonomy":"product_tag","embeddable":true,"href":"https:\/\/nidaloghouses.com\/de\/wp-json\/wp\/v2\/product_tag?post=5075"}],"curies":[{"name":"wp","href":"https:\/\/api.w.org\/{rel}","templated":true}]}}