{"id":6958,"date":"2025-07-10T11:24:20","date_gmt":"2025-07-10T08:24:20","guid":{"rendered":"https:\/\/nidaloghouses.com\/copywrite-information\/"},"modified":"2025-07-14T08:17:10","modified_gmt":"2025-07-14T05:17:10","slug":"urheberrechtshinweis","status":"publish","type":"page","link":"https:\/\/nidaloghouses.com\/de\/urheberrechtshinweis\/","title":{"rendered":"Urheberrechtshinweis"},"content":{"rendered":"<p>\u00a9 Nida Log Houses.<br \/>\nAlle textlichen und visuellen Inhalte dieser Website sind urheberrechtlich gesch\u00fctztes Eigentum von [Nida Log Houses] und unterliegen den Urheberrechtsgesetzen der Europ\u00e4ischen Union, einschlie\u00dflich der Richtlinie 2001\/29\/EG zur Harmonisierung bestimmter Aspekte des Urheberrechts.<br \/>\nDie Vervielf\u00e4ltigung, Verbreitung oder Verwendung von Inhalten, einschlie\u00dflich Bildern und Texten, ohne vorherige schriftliche Zustimmung von [Nida Log Houses] ist strengstens untersagt.<br \/>\nDie unbefugte Verwendung kann zivil- und strafrechtliche Folgen nach geltendem internationalem und EU-Urheberrecht nach sich ziehen. Um die Genehmigung zur Verwendung von Inhalten zu beantragen, wenden Sie sich bitte direkt an uns.<\/p>\n","protected":false},"excerpt":{"rendered":"<p>\u00a9 Nida Log Houses. Alle textlichen und visuellen Inhalte dieser Website sind urheberrechtlich gesch\u00fctztes Eigentum von [Nida Log Houses] und unterliegen den Urheberrechtsgesetzen der Europ\u00e4ischen Union, einschlie\u00dflich der Richtlinie 2001\/29\/EG zur Harmonisierung bestimmter Aspekte des Urheberrechts. Die Vervielf\u00e4ltigung, Verbreitung oder Verwendung von Inhalten, einschlie\u00dflich Bildern und Texten, ohne vorherige schriftliche Zustimmung von [Nida Log Houses] [&hellip;]<\/p>\n","protected":false},"author":3,"featured_media":0,"parent":0,"menu_order":0,"comment_status":"closed","ping_status":"closed","template":"","meta":{"_acf_changed":false,"inline_featured_image":false,"footnotes":""},"class_list":["post-6958","page","type-page","status-publish","hentry"],"acf":[],"_links":{"self":[{"href":"https:\/\/nidaloghouses.com\/de\/wp-json\/wp\/v2\/pages\/6958","targetHints":{"allow":["GET"]}}],"collection":[{"href":"https:\/\/nidaloghouses.com\/de\/wp-json\/wp\/v2\/pages"}],"about":[{"href":"https:\/\/nidaloghouses.com\/de\/wp-json\/wp\/v2\/types\/page"}],"author":[{"embeddable":true,"href":"https:\/\/nidaloghouses.com\/de\/wp-json\/wp\/v2\/users\/3"}],"replies":[{"embeddable":true,"href":"https:\/\/nidaloghouses.com\/de\/wp-json\/wp\/v2\/comments?post=6958"}],"version-history":[{"count":2,"href":"https:\/\/nidaloghouses.com\/de\/wp-json\/wp\/v2\/pages\/6958\/revisions"}],"predecessor-version":[{"id":6962,"href":"https:\/\/nidaloghouses.com\/de\/wp-json\/wp\/v2\/pages\/6958\/revisions\/6962"}],"wp:attachment":[{"href":"https:\/\/nidaloghouses.com\/de\/wp-json\/wp\/v2\/media?parent=6958"}],"curies":[{"name":"wp","href":"https:\/\/api.w.org\/{rel}","templated":true}]}}