{"id":6002,"date":"2025-06-06T07:22:26","date_gmt":"2025-06-06T04:22:26","guid":{"rendered":"https:\/\/nidaloghouses.com\/?page_id=6002"},"modified":"2025-08-25T09:34:33","modified_gmt":"2025-08-25T06:34:33","slug":"zahlung","status":"publish","type":"page","link":"https:\/\/nidaloghouses.com\/de\/zahlung\/","title":{"rendered":"Zahlung"},"content":{"rendered":"\r\n<h3 class=\"wp-block-heading\">ZAHLUNGSVERFAHREN<\/h3>\r\n\r\n\r\n\r\n<p>1.1.\tDer K\u00e4ufer kann die Produkte auf eine der folgenden Arten bezahlen:\r\n1.1.1.\tdurch \u00dcberweisung auf das Bankkonto des Verk\u00e4ufers;\r\n1.1.2.\tauf andere Weise, wenn sie im E-Store angegeben sind.\r\n<\/p>\r\n\r\n\r\n\r\n<p>1.2.\tAlle Zahlungen gelten als vollst\u00e4ndig, wenn der gesamte auf der Rechnung angegebene Betrag auf das Konto des Verk\u00e4ufers \u00fcberwiesen und gutgeschrieben worden ist. Der K\u00e4ufer kann die Produkte nur in der offiziellen W\u00e4hrung der Republik Litauen &#8211; Euro &#8211; bezahlen.<\/p>\r\n\r\n\r\n\r\n<p>1.3.\tBeim Kauf von Produkten kann der K\u00e4ufer entweder den Gesamtbetrag zum Zeitpunkt der Bestellung zahlen oder sich f\u00fcr eine Ratenzahlung entscheiden. Bei Ratenzahlung muss der K\u00e4ufer 50 % des Produktpreises als Vorauszahlung innerhalb von 3 (drei) Arbeitstagen nach der Bestellung leisten. Der Restbetrag ist nach Herstellung des Produkts f\u00e4llig, sp\u00e4testens jedoch 5 (f\u00fcnf) Arbeitstage nach Ausstellung der Rechnung.<\/p>\r\n\r\n\r\n\r\n<p>1.4.\tDie endg\u00fcltige Rechnung wird dem K\u00e4ufer vor der Lieferung zugestellt, und der K\u00e4ufer muss sie innerhalb der auf der Rechnung angegebenen Frist gem\u00e4\u00df Artikel 5.9 begleichen. <\/p>\r\n\r\n\r\n\r\n<p>1.5.\tZahlt der K\u00e4ufer den Restbetrag nicht innerhalb der angegebenen Frist, wird die Lieferung verschoben. Wenn der K\u00e4ufer mehr als 30 (drei\u00dfig) Tage mit der Restzahlung in Verzug ist, hat der Verk\u00e4ufer das Recht, den Vertrag aufgrund des Verschuldens des K\u00e4ufers zu k\u00fcndigen.<\/p>\r\n\r\n\r\n\r\n<p>1.6.\tDer Preis f\u00fcr die Produkte kann vom Verk\u00e4ufer erh\u00f6ht werden, wenn sich aufgrund eines Verschuldens des K\u00e4ufers oder aufgrund von Umst\u00e4nden, die der K\u00e4ufer zum Zeitpunkt des Vertragsabschlusses nicht mitgeteilt hat, die Spezifikationen oder Qualit\u00e4tsanforderungen f\u00fcr die Produkte, die Lieferfristen oder der Lieferort, der Umfang der im Vertrag besprochenen Leistungen oder andere Umst\u00e4nde \u00e4ndern, die die Kosten des Verk\u00e4ufers erh\u00f6hen, oder wenn der K\u00e4ufer seine vertraglichen Verpflichtungen nicht erf\u00fcllt und dem Verk\u00e4ufer dadurch zus\u00e4tzliche Kosten entstehen.<\/p>\r\n\r\n\r\n\r\n<p>1.7.\tDie Mehrwertsteuerrechnung wird dem K\u00e4ufer nach der endg\u00fcltigen Zahlung vorgelegt, d.h. nachdem der K\u00e4ufer den vollen Preis der Produkte bezahlt hat. In \u00dcbereinstimmung mit dem durch die Rechtsakte festgelegten Verfahren wird die MwSt.-Rechnung oder ein anderes vom Verk\u00e4ufer ausgestelltes Buchhaltungsdokument dem K\u00e4ufer \u00fcber die angegebene E-Mail und (oder) zusammen mit den Produkten bei der Lieferung \u00fcbermittelt. Die Daten der Mehrwertsteuerrechnung oder eines anderen relevanten Dokuments werden automatisch auf der Grundlage der vom K\u00e4ufer angegebenen Daten erstellt und k\u00f6nnen nach der Bestellung nicht mehr ge\u00e4ndert werden.<\/p>\r\n\r\n\r\n","protected":false},"excerpt":{"rendered":"<p>ZAHLUNGSVERFAHREN 1.1. Der K\u00e4ufer kann die Produkte auf eine der folgenden Arten bezahlen: 1.1.1. durch \u00dcberweisung auf das Bankkonto des Verk\u00e4ufers; 1.1.2. auf andere Weise, wenn sie im E-Store angegeben sind. 1.2. Alle Zahlungen gelten als vollst\u00e4ndig, wenn der gesamte auf der Rechnung angegebene Betrag auf das Konto des Verk\u00e4ufers \u00fcberwiesen und gutgeschrieben worden ist. [&hellip;]<\/p>\n","protected":false},"author":5,"featured_media":0,"parent":0,"menu_order":0,"comment_status":"closed","ping_status":"closed","template":"","meta":{"_acf_changed":false,"inline_featured_image":false,"footnotes":""},"class_list":["post-6002","page","type-page","status-publish","hentry"],"acf":[],"_links":{"self":[{"href":"https:\/\/nidaloghouses.com\/de\/wp-json\/wp\/v2\/pages\/6002","targetHints":{"allow":["GET"]}}],"collection":[{"href":"https:\/\/nidaloghouses.com\/de\/wp-json\/wp\/v2\/pages"}],"about":[{"href":"https:\/\/nidaloghouses.com\/de\/wp-json\/wp\/v2\/types\/page"}],"author":[{"embeddable":true,"href":"https:\/\/nidaloghouses.com\/de\/wp-json\/wp\/v2\/users\/5"}],"replies":[{"embeddable":true,"href":"https:\/\/nidaloghouses.com\/de\/wp-json\/wp\/v2\/comments?post=6002"}],"version-history":[{"count":3,"href":"https:\/\/nidaloghouses.com\/de\/wp-json\/wp\/v2\/pages\/6002\/revisions"}],"predecessor-version":[{"id":6045,"href":"https:\/\/nidaloghouses.com\/de\/wp-json\/wp\/v2\/pages\/6002\/revisions\/6045"}],"wp:attachment":[{"href":"https:\/\/nidaloghouses.com\/de\/wp-json\/wp\/v2\/media?parent=6002"}],"curies":[{"name":"wp","href":"https:\/\/api.w.org\/{rel}","templated":true}]}}