{"id":5977,"date":"2025-06-06T05:56:20","date_gmt":"2025-06-06T02:56:20","guid":{"rendered":"https:\/\/nidaloghouses.com\/?page_id=5977"},"modified":"2025-06-09T11:12:25","modified_gmt":"2025-06-09T11:12:25","slug":"garantie","status":"publish","type":"page","link":"https:\/\/nidaloghouses.com\/de\/garantie\/","title":{"rendered":"Garantie"},"content":{"rendered":"\r\n<h3 class=\"wp-block-heading\">GARANTIE-BEDINGUNGEN<\/h3>\r\n\r\n\r\n\r\n<h4 class=\"wp-block-heading\">1.\tEINF\u00dcHRUNG<\/h4>\r\n\r\n\r\n\r\n<p>1.1\tDiese Garantiebedingungen regeln die Garantie f\u00fcr Produkte, die der K\u00e4ufer vom Verk\u00e4ufer \u00fcber den E-Store erworben hat. Bitte lesen Sie diese Garantiebedingungen sorgf\u00e4ltig durch, um Ihre Rechte und Pflichten vollst\u00e4ndig zu verstehen.<\/p>\r\n\r\n\r\n\r\n<p>1.2\tAusf\u00fchrliche Informationen \u00fcber den Kaufprozess der Produkte, die Zahlung des Preises, die Lieferung und andere damit zusammenh\u00e4ngende Einzelheiten sind in den Bedingungen enthalten, die unter https:\/\/nidaloghouses.com\/terms-and-conditions\/ abgerufen werden k\u00f6nnen. Diese Garantiebedingungen sind zusammen mit den Allgemeinen Gesch\u00e4ftsbedingungen ein wesentlicher Bestandteil des Vertrags zwischen den Parteien. <\/p>\r\n\r\n\r\n\r\n<p>1.3\tDie in diesen Bedingungen enthaltenen Definitionen gelten auch f\u00fcr die Garantiebedingungen, sofern nicht ausdr\u00fccklich anders angegeben.<\/p>\r\n\r\n\r\n\r\n<h4 class=\"wp-block-heading\">2.\tALLGEMEINE INFORMATIONEN<\/h4>\r\n\r\n\r\n\r\n<p>2.1\tDer Verk\u00e4ufer garantiert, dass das gesamte f\u00fcr die Herstellung der Produkte verwendete Holz frei von Insektensch\u00e4den, F\u00e4ulnis und Schimmel ist und in der Trockenkammer getrocknet wurde, dass alle Bauteile und Bauteilverbindungen der Produkte genau wie in den Zeichnungen angegeben hergestellt und f\u00fcr die Montage des Produkts vorbereitet sind.<\/p>\r\n\r\n\r\n\r\n<p>2.2\tDie in diesen Garantiebedingungen festgelegte Garantie des Verk\u00e4ufers bezieht sich auf die Bestandteile des Produkts, nicht aber auf das montierte Produkt als solches. Wenn der K\u00e4ufer den Verk\u00e4ufer mit der Montage beauftragt, erstreckt sich die Garantie auch auf die vom Verk\u00e4ufer durchgef\u00fchrten Montagearbeiten. Der Grund daf\u00fcr ist, dass eine unsachgem\u00e4\u00dfe Montage, eine unsachgem\u00e4\u00dfe Handhabung oder die Nichtbeachtung der mitgelieferten Anweisungen die strukturelle Integrit\u00e4t und die vorgesehene Funktionalit\u00e4t des Produkts beeintr\u00e4chtigen k\u00f6nnen, so dass es dem Verk\u00e4ufer unm\u00f6glich ist, dessen Qualit\u00e4t und Haltbarkeit zu garantieren.<\/p>\r\n\r\n\r\n\r\n<h4 class=\"wp-block-heading\">3.\tPRODUKTPFLEGE<\/h4>\r\n\r\n\r\n\r\n<p>3.1\tTrotz der Sorgfalt, die der Verk\u00e4ufer bei der Auswahl der besten Materialien f\u00fcr die verf\u00fcgbaren Produkte walten l\u00e4sst, ist Holz nicht so berechenbar wie Ziegel oder kalter Stahl. Holz ist ein nat\u00fcrliches Material, das f\u00fcr jeden Stamm einzigartige Eigenschaften und Eigenheiten aufweist. Da die Holzst\u00e4mme des Verk\u00e4ufers einst Wasser und N\u00e4hrstoffe von den Wurzeln zu den Bl\u00e4ttern transportierten, ist das Holz von Natur aus por\u00f6s und quillt auf, wenn es nass wird. Jedes Holzprodukt wird dies im Laufe seines Lebens tun, aber es gibt ein paar Dinge, die der K\u00e4ufer tun kann, um diese Bewegung zu begrenzen:<\/p>\r\n\r\n\r\n\r\n<p>3.1.1\tStreichen: Der Verk\u00e4ufer empfiehlt, die Produkte sofort nach dem Zusammenbau innen und au\u00dfen zu streichen. Dies sch\u00fctzt sie vor Sonne und Regen und gew\u00e4hrleistet eine lange Lebensdauer.<\/p>\r\n\r\n\r\n\r\n<p>3.1.2\tWasserabweisende Behandlung: Wie der K\u00e4ufer sein Produkt gestaltet und dekoriert, bleibt ihm \u00fcberlassen. Der Verk\u00e4ufer empfiehlt jedoch, dass der K\u00e4ufer eine geeignete wasserabweisende Behandlung verwendet. Dies tr\u00e4gt dazu bei, die Menge an Feuchtigkeit, die das Holz aufnehmen kann, zu minimieren und somit das Risiko gr\u00f6\u00dferer Bewegungen zu verringern.<\/p>\r\n\r\n\r\n\r\n<p>3.1.3\tBel\u00fcftung: Es ist wichtig, dass das Produkt gut bel\u00fcftet ist. Dies gilt insbesondere, wenn der K\u00e4ufer plant, die Dielen mit etwas abzudecken (der K\u00e4ufer muss mit einem Fachmann \u00fcberpr\u00fcfen, ob das Material daf\u00fcr geeignet ist), da Feuchtigkeit zwischen den Schichten nicht atmungsaktiver Materialien eingeschlossen werden und sich aufstauen kann, was dazu f\u00fchrt, dass die B\u00f6den morsch werden.<\/p>\r\n\r\n\r\n\r\n<p>3.1.4\tRegelm\u00e4\u00dfige saisonale Wartung: Unabh\u00e4ngig davon, ob der K\u00e4ufer sich daf\u00fcr entscheidet, sein Produkt selbst zu bauen, braucht er keine Angst davor zu haben, hier und da die eine oder andere Schraube nachzuziehen. Das Produkt des K\u00e4ufers ist eine lebensverl\u00e4ngernde Investition, daher ist es nur richtig, ihm von Zeit zu Zeit etwas Liebe und Pflege zukommen zu lassen. Der K\u00e4ufer muss daf\u00fcr sorgen, dass es vor den Regenmonaten richtig behandelt wird, und er muss T\u00fcren und Fensterrahmen bei Bedarf anpassen.<\/p>\r\n\r\n\r\n\r\n<p>3.1.5\tNat\u00fcrliche Holzeigenschaften: Nach dem Zusammenbau des Produkts beginnt die nat\u00fcrliche Konstruktion, sich zu setzen&#8220;. Das bedeutet, dass der K\u00e4ufer wahrscheinlich einige nat\u00fcrliche Holzm\u00e4ngel sehen wird. Zu diesen nat\u00fcrlichen Unvollkommenheiten k\u00f6nnen geh\u00f6ren: Risse, Risse, Risse, Verwerfungen, Ausdehnung und Schrumpfung, usw.<\/p>\r\n\r\n\r\n\r\n<h4 class=\"wp-block-heading\">4.\tVERK\u00c4UFERUNTERST\u00dcTZUNG<\/h4>\r\n\r\n\r\n\r\n<p>4.1\tDer Verk\u00e4ufer empfiehlt dringend, seinen Montageservice in Anspruch zu nehmen, um eine ordnungsgem\u00e4\u00dfe Installation der Produkte zu gew\u00e4hrleisten. Entscheidet sich der K\u00e4ufer daf\u00fcr, die Produkte eigenst\u00e4ndig oder mit Hilfe von Dritten zu montieren, verpflichtet sich der Verk\u00e4ufer, dem K\u00e4ufer einen klaren und strukturierten Unterst\u00fctzungsprozess zu bieten. Dies gew\u00e4hrleistet eine genaue Anleitung und eine effektive Kommunikation w\u00e4hrend des gesamten Prozesses. Das folgende Verfahren sollte befolgt werden, wenn der K\u00e4ufer bei der Montage Hilfe ben\u00f6tigt:<\/p>\r\n\r\n\r\n\r\n<p>4.1.1\tPr\u00fcfen Sie die Teile: Bevor der K\u00e4ufer mit der Montage des Produkts beginnt oder einen Dritten damit beauftragt, muss er sich vergewissern, dass alle zum Produkt geh\u00f6renden Teile vollst\u00e4ndig und in gutem Zustand sind. Eine fr\u00fchzeitige \u00dcberpr\u00fcfung hilft, unn\u00f6tige Kosten oder Verz\u00f6gerungen zu vermeiden.<\/p>\r\n\r\n\r\n\r\n<p>4.1.2\tLesen Sie die Anleitung: Der K\u00e4ufer sollte die gesamte Montageanleitung sorgf\u00e4ltig lesen, wenn n\u00f6tig mehrmals, um den Umfang der bevorstehenden Aufgabe vollst\u00e4ndig zu verstehen. Eine ordnungsgem\u00e4\u00dfe Vorbereitung ist f\u00fcr einen reibungslosen und erfolgreichen Montageprozess unerl\u00e4sslich. Es ist von entscheidender Bedeutung, den Umfang und die Art des Montageprojekts vollst\u00e4ndig zu verstehen und entsprechend zu planen. Es handelt sich hier nicht um ein Standard-M\u00f6belst\u00fcck zum Mitnehmen, sondern um ein Produkt, das sorgf\u00e4ltige \u00dcberlegungen und Vorbereitungen erfordert, bevor man damit beginnt.<\/p>\r\n\r\n\r\n\r\n<p>4.1.3\tErsatzkomponenten: Jedes Produkt wird mit Ersatzbauteilen &#8211; Hauptwandbalken, Dachbrettern, Bodenbrettern usw. &#8211; geliefert, die unbenutzt bleiben, wenn w\u00e4hrend des Baus keine wesentlichen M\u00e4ngel oder Sch\u00e4den auftreten. Sie sind in der Regel auf den technischen Pl\u00e4nen mit dem Vermerk &#8222;EXTRA&#8220; gekennzeichnet.<\/p>\r\n\r\n\r\n\r\n<p>4.1.4\tBei Problemen wenden Sie sich bitte an den Support: Wenn zus\u00e4tzliche Hilfe ben\u00f6tigt wird, muss der K\u00e4ufer den Support des Verk\u00e4ufers \u00fcber die Support-E-Mail support@nidaloghouses.com kontaktieren. Es gilt dann das folgende Verfahren: <\/p>\r\n\r\n\r\n\r\n<p>4.1.4.1\tWenn dies das erste Mal ist, dass der K\u00e4ufer den Support des Verk\u00e4ufers kontaktiert, sollten Sie 24-48 Stunden f\u00fcr eine Antwort einplanen.<\/p>\r\n\r\n\r\n\r\n<p>4.1.4.2\tWenn keine Antwort eingeht, sollte der K\u00e4ufer \u00fcberpr\u00fcfen, ob die E-Mail-Adresse korrekt eingegeben wurde, und den Spam-\/Junk-Ordner kontrollieren.<\/p>\r\n\r\n\r\n\r\n<p>4.1.4.3\tDer Support des Verk\u00e4ufers wird die Anfrage kategorisieren und einem geeigneten Teammitglied zuweisen. Der Verk\u00e4ufer ist bestrebt, noch am selben Werktag zu antworten . E-Mails, die nach 17:00 Uhr eingehen, werden m\u00f6glicherweise erst am n\u00e4chsten Werktag bearbeitet.<\/p>\r\n\r\n\r\n\r\n<p>4.1.4.4\tWenn der K\u00e4ufer sein Problem nicht mit einem Support-Mitarbeiter des Verk\u00e4ufers l\u00f6sen kann, kann er eine Eskalation an einen Support-Manager des Verk\u00e4ufers beantragen.<\/p>\r\n\r\n\r\n\r\n<p>4.1.4.5\tDie Support-Manager des Verk\u00e4ufers arbeiten eng mit ihren Teams und der Gesch\u00e4ftsleitung zusammen, um ein H\u00f6chstma\u00df an Service zu gew\u00e4hrleisten.<\/p>\r\n\r\n\r\n\r\n<p>4.1.4.6\tDie Support-Manager des Verk\u00e4ufers \u00fcberwachen und beraten das Support-Team des Verk\u00e4ufers kontinuierlich und k\u00f6nnen bei Bedarf die direkte Kommunikation \u00fcbernehmen. Dieser Prozess hilft auch bei der laufenden Schulung zur Verbesserung der Servicequalit\u00e4t.<\/p>\r\n\r\n\r\n\r\n<p>4.1.4.7\tBleibt das Problem nach R\u00fccksprache mit dem internen Support-Team des Verk\u00e4ufers ungel\u00f6st, kann der K\u00e4ufer die Kontaktdaten eines Gesch\u00e4ftsf\u00fchrers des Verk\u00e4ufers anfordern, um ein formelles Schreiben zu \u00fcbermitteln.<\/p>\r\n\r\n\r\n\r\n<p>4.1.4.8\tDas Schreiben wird vom Direktor des Verk\u00e4ufers gepr\u00fcft, aber oft an das Support-Team des Verk\u00e4ufers zur Bearbeitung unter dessen Anleitung zur\u00fcckgegeben.<\/p>\r\n\r\n\r\n\r\n<p>4.2\tDer K\u00e4ufer muss den oben beschriebenen, strukturierten Prozess f\u00fcr Supportanfragen der Reihe nach befolgen und sicherstellen, dass alle aufgef\u00fchrten Schritte ausgesch\u00f6pft sind, bevor er weitere Ma\u00dfnahmen ergreift. Das Support-Team des Verk\u00e4ufers ist bestrebt, Anfragen effizient zu bearbeiten und zu l\u00f6sen. Um ein organisiertes und effektives Antwortsystem aufrechtzuerhalten, sollte der K\u00e4ufer nicht erwarten, dass er bei der ersten Kontaktaufnahme sofort mit einem Support-Manager oder einem Direktor des Verk\u00e4ufers in Verbindung tritt.<\/p>\r\n\r\n\r\n\r\n<h4 class=\"wp-block-heading\">5.\tGARANTIEZEIT<\/h4>\r\n\r\n\r\n\r\n<p>5.1\tSofern im E-Store nicht anders angegeben, gilt f\u00fcr die vom K\u00e4ufer-Verbraucher gekauften Produkte eine gesetzliche Standardgarantie von 2 (zwei) Jahren auf die Produktqualit\u00e4t. Der Verk\u00e4ufer bietet auch 2 (zwei) Jahre kommerzielle Garantie f\u00fcr Produkte, die von den K\u00e4ufern-Unternehmern gekauft werden.<\/p>\r\n\r\n\r\n\r\n<p>5.2\tDie Garantiezeit beginnt zu dem Zeitpunkt, zu dem die Produkte an den K\u00e4ufer geliefert werden, oder zu dem Zeitpunkt, zu dem der K\u00e4ufer das Dokument unterzeichnet, das die Lieferung der Produkte best\u00e4tigt, oder zu dem Zeitpunkt, zu dem er die vom Lieferpersonal bereitgestellten Formulare unterzeichnet.<\/p>\r\n\r\n\r\n\r\n<p>5.3\tWenn Produkte w\u00e4hrend dieser Garantiezeit repariert oder ersetzt werden, verl\u00e4ngert sich dadurch weder die urspr\u00fcngliche Garantiezeit noch beginnt eine neue Garantiezeit. Alle Teile, die ersetzt oder repariert werden, um einen Defekt am Produkt zu beheben, fallen unter die urspr\u00fcngliche Garantie, die gleichzeitig mit der Produktgarantie abl\u00e4uft. Sollte das Gesetz andere Garantiebedingungen vorschreiben, so haben diese gesetzlichen Bestimmungen Vorrang.<\/p>\r\n\r\n\r\n\r\n<h4 class=\"wp-block-heading\">6.\tALLGEMEINE GARANTIEBEDINGUNGEN<\/h4>\r\n\r\n\r\n\r\n<p>6.1\tDie Produkte sollten direkt beim Hersteller UAB &#8222;MED\u017dIO FABRIKAS NIDA&#8220; (Verk\u00e4ufer) gekauft werden, und der Endverbraucher, ob K\u00e4ufer-Verbraucher oder K\u00e4ufer-Unternehmer, muss die Produkte besitzen, bevor er Garantieanspr\u00fcche geltend machen kann. <\/p>\r\n\r\n\r\n\r\n<p>6.2\tDer K\u00e4ufer kann unter keinen Umst\u00e4nden Anspr\u00fcche auf die gelieferten Produkte erheben, nachdem diese verarbeitet, bearbeitet, vom Lieferort abtransportiert oder an Dritte verkauft wurden, sei es durch den K\u00e4ufer oder einen Dritten, der in seinem Namen handelt.<\/p>\r\n\r\n\r\n\r\n<p>6.3\tDer K\u00e4ufer ist daf\u00fcr verantwortlich, dass die Produkte bestimmungsgem\u00e4\u00df verwendet werden und f\u00fcr die vorgesehene Konstruktion und den Betrieb am vorgesehenen Ort geeignet sind.<\/p>\r\n\r\n\r\n\r\n<p>6.4\tWenn der K\u00e4ufer nach der Lieferung der Produkte Unstimmigkeiten in Bezug auf die Qualit\u00e4t, die Menge oder die Art der Produkte feststellt, muss er sich innerhalb von 14 (vierzehn) Kalendertagen mit dem Verk\u00e4ufer in Verbindung setzen und ihn \u00fcber die auf der Website des E-Stores angegebene Telefonnummer oder E-Mail-Adresse \u00fcber die Unstimmigkeiten informieren.<\/p>\r\n\r\n\r\n\r\n<p>6.5\tStellt der K\u00e4ufer bei der Inspektion vor Baubeginn mangelhafte Komponenten fest, wird sein Garantieanspruch nicht anerkannt, wenn die Komponenten des Produkts bereits verwendet, m\u00f6glicherweise w\u00e4hrend des Baus besch\u00e4digt oder lackiert wurden. In solchen F\u00e4llen wird davon ausgegangen, dass die M\u00e4ngel w\u00e4hrend des Bauprozesses aufgetreten sind, und der Verk\u00e4ufer ist nicht haftbar. Die Bauteile werden dann erst nach Bezahlung bestellt und ersetzt.<\/p>\r\n\r\n\r\n\r\n<p>6.6\tAlle Bestandteile der Produkte, einschlie\u00dflich der Verbindungselemente, Zeichnungen und Spezifikationen, wurden vom Verk\u00e4ufer sorgf\u00e4ltig gepr\u00fcft und verpackt. Wenn der K\u00e4ufer das Produkt selbst zusammenbaut oder einen Dritten damit beauftragt, empfiehlt der Verk\u00e4ufer dringend, die Vollst\u00e4ndigkeit aller erhaltenen Komponenten anhand der mit den Zeichnungen gelieferten Spezifikationen zu \u00fcberpr\u00fcfen. Diese Dokumente sind entweder im Paket enthalten oder werden per E-Mail an die vom K\u00e4ufer angegebene Adresse geschickt. Diese Pr\u00fcfung muss innerhalb von 14 (vierzehn) Tagen nach der Lieferung abgeschlossen sein. Etwaige Unstimmigkeiten sollten dem Verk\u00e4ufer vor Baubeginn mitgeteilt werden, um eine rechtzeitige L\u00f6sung zu gew\u00e4hrleisten.<\/p>\r\n\r\n\r\n\r\n<p>6.7\tDie Garantie gilt nur f\u00fcr M\u00e4ngel an den Produkten w\u00e4hrend der Garantiezeit, die nicht auf eine unsachgem\u00e4\u00dfe Verwendung oder Lagerung durch den K\u00e4ufer zur\u00fcckzuf\u00fchren sind.<\/p>\r\n\r\n\r\n\r\n<p>6.8\tDie Garantie ist nur g\u00fcltig, wenn der K\u00e4ufer bei der Installation des Produkts die Installationsanweisungen befolgt hat. Jegliche \u00c4nderungen an der Konstruktion des Produkts, die der K\u00e4ufer nach der Lieferung vornimmt, liegen in der Verantwortung des K\u00e4ufers, und der Verk\u00e4ufer haftet nicht daf\u00fcr, und die Garantie erlischt.<\/p>\r\n\r\n\r\n\r\n<p>6.9\tEin Garantiefall wird entweder als potenzieller Fehler im Produktdesign, als Defekt oder als fehlende Komponente identifiziert.<\/p>\r\n\r\n\r\n\r\n<p>6.10\tUm einen Garantieanspruch geltend zu machen, sollte der K\u00e4ufer dem Verk\u00e4ufer Fotos, die den Defekt zeigen, eine Beschreibung des Problems, den Namen des Produkts und andere relevante Details zum Produkt zur Verf\u00fcgung stellen.<\/p>\r\n\r\n\r\n\r\n<p>6.11\tNach Erhalt eines Garantieantrags pr\u00fcft der Verk\u00e4ufer die zur Verf\u00fcgung gestellten Informationen und entscheidet, ob es sich um einen Garantiefall handelt. Der Verk\u00e4ufer wird den K\u00e4ufer innerhalb von 14 (vierzehn) Tagen nach Erhalt aller erforderlichen Angaben \u00fcber seine Einsch\u00e4tzung informieren. <\/p>\r\n\r\n\r\n\r\n<p>6.12\tBei Unklarheiten kann der Verk\u00e4ufer die Untersuchung \u00fcber 14 (vierzehn) Tage hinaus verl\u00e4ngern und Sachverst\u00e4ndige zu Rate ziehen, um zu pr\u00fcfen, ob die Produkte gem\u00e4\u00df den bereitgestellten Anweisungen montiert wurden und ob sie die in diesen Garantiebedingungen genannten Bedingungen erf\u00fcllen, die die Garantie aufheben k\u00f6nnten. Der Verk\u00e4ufer wird den K\u00e4ufer so schnell wie m\u00f6glich \u00fcber die Ergebnisse der Untersuchung informieren. <\/p>\r\n\r\n\r\n\r\n<p>6.13\tW\u00e4hrend der Garantiezeit beschr\u00e4nkt sich die Verantwortung des Verk\u00e4ufers auf die Behebung von Produktm\u00e4ngeln, wie sie in den Bedingungen angegeben sind; sowohl der K\u00e4ufer als auch der Verk\u00e4ufer verpflichten sich, die hier beschriebenen Verfahren und diese Garantiebedingungen zu befolgen, um alle Probleme im Zusammenhang mit der Garantie so reibungslos wie m\u00f6glich zu l\u00f6sen .<\/p>\r\n\r\n\r\n\r\n<h4 class=\"wp-block-heading\">7.\tAUSSCHL\u00dcSSE VON DER GARANTIE<\/h4>\r\n\r\n\r\n\r\n<p>7.1\tDie Garantie deckt keine M\u00e4ngel, Sch\u00e4den oder Anspr\u00fcche ab, die sich aus den folgenden Punkten ergeben:<\/p>\r\n\r\n\r\n\r\n<p>7.1.1\tNat\u00fcrliche Eigenschaften von Holz:<\/p>\r\n\r\n\r\n\r\n<p>7.1.1.1\tHolz ist ein nat\u00fcrliches Material und kann Abweichungen in Farbton, Textur, Faserrichtung und \u00c4sten aufweisen, die nicht als M\u00e4ngel gelten.<\/p>\r\n\r\n\r\n\r\n<p>7.1.1.2\tKleine Risse und L\u00fccken, die durch das Trocknen entstanden sind und die strukturelle Integrit\u00e4t nicht beeintr\u00e4chtigen.<\/p>\r\n\r\n\r\n\r\n<p>7.1.1.3\tLeichtes Verziehen, Verdrehen oder Verbiegen von Holzteilen, sofern sie funktionsf\u00e4hig bleiben.<\/p>\r\n\r\n\r\n\r\n<p>7.1.1.4\tNat\u00fcrliche Ausdehnung und Schrumpfung (bis zu 5 % der Breite und Dicke) aufgrund von Temperatur- und Feuchtigkeitsschwankungen.<\/p>\r\n\r\n\r\n\r\n<p>7.1.1.5\tHarztaschen, gesunde \u00c4ste und schwarze \u00c4ste in Bauteilen.<\/p>\r\n\r\n\r\n\r\n<p>7.1.2\tK\u00e4uferinduzierte \u00c4nderungen und unsachgem\u00e4\u00dfe Behandlung:<\/p>\r\n\r\n\r\n\r\n<p>7.1.2.1\tVom K\u00e4ufer vorgenommene Anstriche, Lackierungen oder Impr\u00e4gnierungen.<\/p>\r\n\r\n\r\n\r\n<p>7.1.2.2\t\u00c4nderungen an der Struktur, einschlie\u00dflich Konstruktions\u00e4nderungen, Trennw\u00e4nde, Isolierung oder andere \u00c4nderungen, die in der urspr\u00fcnglichen Planung nicht vorgesehen waren.<\/p>\r\n\r\n\r\n\r\n<p>7.1.2.3\tVers\u00e4umnis, innerhalb von 14 Tagen nach der Montage und danach j\u00e4hrlich eine Holzbehandlung (Schutzmittel, \u00d6lfarbe) innen und au\u00dfen aufzutragen.<\/p>\r\n\r\n\r\n\r\n<p>7.1.2.4\tKeine Endenbehandlung nach dem Schneiden, Bohren oder Durchbohren von Holzteilen.<\/p>\r\n\r\n\r\n\r\n<p>7.1.2.5\tGegenst\u00e4nde, die dauerhaft an den W\u00e4nden befestigt sind und die normale Bewegung des Holzes behindern (z. B. Trocknen, Schrumpfen, Ausdehnung).<\/p>\r\n\r\n\r\n\r\n<p>7.1.2.6\tUnzureichender Witterungsschutz, z. B. fehlende Sturmklammern, Dachb\u00e4nder oder Befestigungsstreifen.<\/p>\r\n\r\n\r\n\r\n<p>7.1.3\tFehler bei der Montage, einschlie\u00dflich:<\/p>\r\n\r\n\r\n\r\n<p>7.1.3.1\tNichtbeachtung der mitgelieferten Anweisungen.<\/p>\r\n\r\n\r\n\r\n<p>7.1.3.2\tVers\u00e4umnis, eine Feuchtigkeitssperre zwischen dem Fundament und dem Bauwerk zu installieren.<\/p>\r\n\r\n\r\n\r\n<p>7.1.3.3\tEs ist nicht sichergestellt, dass der untere Rahmen vor dem Einbau eben und rechtwinklig ist.<\/p>\r\n\r\n\r\n\r\n<p>7.1.3.4\tDie erste Reihe von W\u00e4nden, die mehr als 5 mm \u00fcber den Rand des Fundaments hinausragen.<\/p>\r\n\r\n\r\n\r\n<p>7.1.3.5\tUnsachgem\u00e4\u00df installiertes Fundament, das zu Setzungen oder struktureller Instabilit\u00e4t f\u00fchrt.<\/p>\r\n\r\n\r\n\r\n<p>7.1.3.6\tVers\u00e4umnis, die Scharniere zu justieren, wenn sich T\u00fcren oder Fenster aufgrund der nat\u00fcrlichen Holzbewegung ausdehnen oder zusammenziehen.<\/p>\r\n\r\n\r\n\r\n<p>7.1.4\tProbleme mit dem Dach, einschlie\u00dflich:<\/p>\r\n\r\n\r\n\r\n<p>7.1.4.1\tUnsachgem\u00e4\u00dfe Verlegung von Dachpappe oder -abdeckung, die zum Eindringen von Feuchtigkeit f\u00fchrt.<\/p>\r\n\r\n\r\n\r\n<p>7.1.4.2\tVerwendung von schwerem Dachmaterial, das nicht f\u00fcr die Struktur geeignet ist.<\/p>\r\n\r\n\r\n\r\n<p>7.1.4.3\tUnterlassung des Einbaus von Unterdachmaterial, falls im Bausatz enthalten.<\/p>\r\n\r\n\r\n\r\n<p>7.1.5\tUnsachgem\u00e4\u00dfe Verwendung, Lagerung und Umwelteinwirkung:<\/p>\r\n\r\n\r\n\r\n<p>7.1.5.1\tLagerung in feuchter oder ungeeigneter Umgebung vor oder nach der Montage.<\/p>\r\n\r\n\r\n\r\n<p>7.1.5.2\tVers\u00e4umnis, das Produkt vor Umwelteinfl\u00fcssen (Sonne, Regen, Frost, Feuchtigkeit) zu sch\u00fctzen.<\/p>\r\n\r\n\r\n\r\n<p>7.1.5.3\tKontakt des Produkts mit B\u00e4umen, Pflanzen oder W\u00e4nden, was zu einer \u00fcberm\u00e4\u00dfigen Feuchtigkeitsaufnahme f\u00fchrt.<\/p>\r\n\r\n\r\n\r\n<p>7.1.5.4\tSchlechte Bel\u00fcftung, die zu feuchtigkeitsbedingten M\u00e4ngeln wie Schimmel f\u00fchrt.<\/p>\r\n\r\n\r\n\r\n<p>7.1.5.5\tVerwendung von Holzt\u00fcren in Bereichen mit hoher Luftfeuchtigkeit (z. B. Badezimmer, Saunen), was zu Verformung oder Ausdehnung f\u00fchrt.<\/p>\r\n\r\n\r\n\r\n<p>7.1.6\tHandhabung und \u00e4u\u00dfere Besch\u00e4digung:<\/p>\r\n\r\n\r\n\r\n<p>7.1.6.1\tUnsachgem\u00e4\u00dfe Handhabung, z. B. wenn die T\u00fcren vom Wind erfasst werden, was zu gebrochenen Scharnieren oder Rissen f\u00fchrt.<\/p>\r\n\r\n\r\n\r\n<p>7.1.6.2\tSch\u00e4den durch an W\u00e4nden befestigte Gegenst\u00e4nde, die die normale Bewegung des Holzes beeintr\u00e4chtigen.<\/p>\r\n\r\n\r\n\r\n<p>7.1.6.3\tMechanische Besch\u00e4digung von Glaskomponenten, einschlie\u00dflich Bruch durch Druck, thermische Einwirkungen oder St\u00f6\u00dfe.<\/p>\r\n\r\n\r\n\r\n<p>7.1.6.4\tGeringf\u00fcgige Transportsch\u00e4den, die die Funktionalit\u00e4t nicht beeintr\u00e4chtigen, insbesondere wenn sie repariert werden k\u00f6nnen (z. B. Flicken von Holzl\u00f6chern).<\/p>\r\n\r\n\r\n\r\n<p>7.1.6.5\tDefekte Teile, die zusammengebaut oder lackiert wurden, obwohl die M\u00e4ngel vor dem Einbau festgestellt wurden.<\/p>\r\n\r\n\r\n\r\n<p>7.1.7\tExterne Faktoren und unvorhergesehene Ereignisse:<\/p>\r\n\r\n\r\n\r\n<p>7.1.7.1\tSt\u00fcrme, Blitze, \u00dcberschwemmungen, Feuer, Frost und andere Naturkatastrophen.<\/p>\r\n\r\n\r\n\r\n<p>7.1.7.2\tKondensation durch Temperaturschwankungen, die Flecken oder Schimmel verursacht.<\/p>\r\n\r\n\r\n\r\n<p>7.1.7.3\tVandalismus oder zuf\u00e4llige Besch\u00e4digung.<\/p>\r\n\r\n\r\n\r\n<p>7.1.7.4\tSt\u00f6rungen in der Stromversorgung im Zusammenhang mit dem Zubeh\u00f6r.<\/p>\r\n\r\n\r\n\r\n<p>7.1.7.5\tEreignisse h\u00f6herer Gewalt (z. B. \u00dcberschwemmungen, St\u00fcrme, Br\u00e4nde, Tornados).<\/p>\r\n\r\n\r\n\r\n<p>7.1.8\tAndere Ausschl\u00fcsse:<\/p>\r\n\r\n\r\n\r\n<p>7.1.8.1\tAnspr\u00fcche, die von einer anderen Person als dem urspr\u00fcnglichen K\u00e4ufer geltend gemacht werden.<\/p>\r\n\r\n\r\n\r\n<p>7.1.8.2\tUnzureichende oder ungenaue Informationen \u00fcber den Garantiefall.<\/p>\r\n\r\n\r\n\r\n<p>7.1.8.3\tBehinderung der Vertreter des Verk\u00e4ufers bei der Inspektion des Produkts.<\/p>\r\n\r\n\r\n\r\n<p>7.1.9\tMerkmale des Holzes, die nicht als Fehler angesehen werden:<\/p>\r\n\r\n\r\n\r\n<p>7.1.9.1\tFarbtonschwankungen aufgrund der nat\u00fcrlichen Struktur des Holzes.<\/p>\r\n\r\n\r\n\r\n<p>7.1.9.2\tKleine Trocknungsrisse, die die Festigkeit nicht beeintr\u00e4chtigen.<\/p>\r\n\r\n\r\n\r\n<p>7.1.9.3\tVerdrehte oder leicht verbogene Bauteile, die noch funktionsf\u00e4hig sind.<\/p>\r\n\r\n\r\n\r\n<p>7.1.9.4\t\u00c4ste, Harzgallen und kleine Unvollkommenheiten, die die Stabilit\u00e4t nicht beeintr\u00e4chtigen.<\/p>\r\n\r\n\r\n\r\n<p>7.1.9.5\tUnfertige Oberfl\u00e4chen, kleine Unregelm\u00e4\u00dfigkeiten oder raue Kanten an nicht sichtbaren Teilen.<\/p>\r\n\r\n\r\n\r\n<h4 class=\"wp-block-heading\">8.\tSCHLUSSBESTIMMUNGEN<\/h4>\r\n\r\n\r\n\r\n<p>8.1\tDer Verk\u00e4ufer beh\u00e4lt sich das Recht vor, diese Garantiebedingungen zu \u00e4ndern. In einem solchen Fall wird der Verk\u00e4ufer Sie durch die Aktualisierung der Garantiebedingungen im E-Store oder durch andere \u00fcbliche Kommunikationsmethoden informieren. Alle Aktualisierungen oder \u00c4nderungen der Garantiebedingungen gelten nur f\u00fcr Produkte, die nach der Ver\u00f6ffentlichung der aktualisierten Garantiebedingungen im E-Store gekauft wurden.<\/p>\r\n\r\n\r\n\r\n<p>8.2\tWenn Sie Fragen zu den Informationen in diesen Garantiebedingungen haben, wenden Sie sich bitte per E-Mail support@nidaloghouses.com, per Telefon an &#8230;&#8230; . <\/p>\r\n\r\n\r\n\r\n<p>8.3\tDiese Bedingungen sind am 01 08 2025 aktualisiert worden.<\/p>\r\n","protected":false},"excerpt":{"rendered":"<p>GARANTIE-BEDINGUNGEN 1. EINF\u00dcHRUNG 1.1 Diese Garantiebedingungen regeln die Garantie f\u00fcr Produkte, die der K\u00e4ufer vom Verk\u00e4ufer \u00fcber den E-Store erworben hat. Bitte lesen Sie diese Garantiebedingungen sorgf\u00e4ltig durch, um Ihre Rechte und Pflichten vollst\u00e4ndig zu verstehen. 1.2 Ausf\u00fchrliche Informationen \u00fcber den Kaufprozess der Produkte, die Zahlung des Preises, die Lieferung und andere damit zusammenh\u00e4ngende Einzelheiten [&hellip;]<\/p>\n","protected":false},"author":5,"featured_media":0,"parent":0,"menu_order":0,"comment_status":"closed","ping_status":"closed","template":"","meta":{"_acf_changed":false,"inline_featured_image":false,"footnotes":""},"class_list":["post-5977","page","type-page","status-publish","hentry"],"acf":[],"_links":{"self":[{"href":"https:\/\/nidaloghouses.com\/de\/wp-json\/wp\/v2\/pages\/5977","targetHints":{"allow":["GET"]}}],"collection":[{"href":"https:\/\/nidaloghouses.com\/de\/wp-json\/wp\/v2\/pages"}],"about":[{"href":"https:\/\/nidaloghouses.com\/de\/wp-json\/wp\/v2\/types\/page"}],"author":[{"embeddable":true,"href":"https:\/\/nidaloghouses.com\/de\/wp-json\/wp\/v2\/users\/5"}],"replies":[{"embeddable":true,"href":"https:\/\/nidaloghouses.com\/de\/wp-json\/wp\/v2\/comments?post=5977"}],"version-history":[{"count":5,"href":"https:\/\/nidaloghouses.com\/de\/wp-json\/wp\/v2\/pages\/5977\/revisions"}],"predecessor-version":[{"id":6043,"href":"https:\/\/nidaloghouses.com\/de\/wp-json\/wp\/v2\/pages\/5977\/revisions\/6043"}],"wp:attachment":[{"href":"https:\/\/nidaloghouses.com\/de\/wp-json\/wp\/v2\/media?parent=5977"}],"curies":[{"name":"wp","href":"https:\/\/api.w.org\/{rel}","templated":true}]}}