{"id":4835,"date":"2024-10-28T14:56:24","date_gmt":"2024-10-28T14:56:24","guid":{"rendered":"https:\/\/nidaloghouses.com\/imprint\/"},"modified":"2025-06-03T08:18:09","modified_gmt":"2025-06-03T08:18:09","slug":"imprint","status":"publish","type":"page","link":"https:\/\/nidaloghouses.com\/de\/imprint\/","title":{"rendered":"IMPRINT"},"content":{"rendered":"<div class=\"container\">\n<h1>Impressum<\/h1>\n<div class=\"spacer\"><\/div>\n<\/div>\n<div class=\"container w-container\">\n<h4>Angaben nach \u00a7 5 Telemediengesetz (TMG)<\/h4>\n<p><strong>Firma:<\/strong><br \/>\nHARTL HAUS Holzindustrie Vertriebsgesellschaft fu\u0308r Fertigh\u00e4user m.b.H.<\/p>\n<p><strong>Firmensitz:<\/strong><br \/>\nPr\u00e4lat-Roderer-Stra\u00dfe 1, 84095 Furth\/Landshut, Deutschland<\/p>\n<p><strong>Telefon Firmensitz:<\/strong><br \/>\n+49 (0) 8704 928098<\/p>\n<p><strong>Verkaufsstelle:<\/strong><br \/>\nSenator-Gerauer-Stra\u00dfe 25, 85586 Poing, Parzelle 33, Deutschland<\/p>\n<p><strong>Telefon Verkaufsstelle:<br \/>\n<\/strong>+49 (0) 89 60824753<\/p>\n<p><strong>Internet:<\/strong><br \/>\nwww.hartlhaus.de<\/p>\n<p><strong>E-Mail:<\/strong><br \/>\ninfo@hartlhaus.de<\/p>\n<p><strong>UID-Nummer:<\/strong><br \/>\nDE 161233196<\/p>\n<p><strong>Steuer-Nummer:<\/strong><br \/>\n132\/128\/10813<\/p>\n<p><strong>Handelsregister:<\/strong><br \/>\nAmtsgericht Landshut HRB 7278<\/p>\n<p><strong>Gesch\u00e4ftsf\u00fchrer:<\/strong><br \/>\nDir. Yves Suter<\/p>\n<div class=\"spacer\"><\/div>\n<h4>COPYRIGHT, RECHTLICHES<\/h4>\n<p>Alle Grundrissentw\u00fcrfe und Planungen stammen von HARTL HAUS und sind Eigentum der Fa. HARTL HAUS Holzindustrie GmbH, A-3903 Echsenbach, Nieder\u00f6sterreich.<\/p>\n<p>Nachahmungen, Nachdruck, Vervielf\u00e4ltigung, Verbreitung und Weitergabe \u2013 auch auszugsweise oder mittels elektronischer Hilfsmittel \u2013 d\u00fcrfen nur mit schriftlicher Zustimmung der Fa. HARTL HAUS vorgenommen werden. Alle gezeigten Entw\u00fcrfe und Haustypen sind urheberrechtlich gesch\u00fctzt. Gerichtliche Verfolgung bei Zuwiderhandlung.<\/p>\n<p>HARTL HAUS beh\u00e4lt sich notwendige \u00c4nderungen bedingt durch m\u00f6glichen technischen Fortschritt vor. Die auf dieser Website gezeigten Fotos stammen oft von Privath\u00e4usern, die \u00fcberwiegend nach individuellen W\u00fcnschen der Bauherren geplant und gebaut wurden. Die Abbildungen m\u00fcssen daher nicht immer mit den jeweiligen Typenh\u00e4usern \u00fcbereinstimmen.<\/p>\n<p>Es gelten grunds\u00e4tzlich die Bau- und Leistungsbeschreibungen sowie die Preislisten in der jeweils aktuellen Fassung. Falls nicht im Grundpreis enthalten gegen Mehrpreis m\u00f6glich: Sprossen, Fenster- und T\u00fcrl\u00e4den, Rolll\u00e4den, Gaupen, Garagen\u00fcberdachungen und Carports, Terrassen\u00fcberdachungen, Kr\u00fcppelwalme, Balkone, Winterg\u00e4rten, Veranden, steilere Dachneigungen, h\u00f6here Kniest\u00f6cke als in der Legende angef\u00fchrt, Putzfaschen etc.<\/p>\n<p>Bei allen Sanit\u00e4robjekten gilt die Darstellung der Grundrisse der technischen Pl\u00e4ne (strichlierte Sanit\u00e4robjekte sind als Mehrausstattung gegen Preisausgleich m\u00f6glich).<\/p>\n<p>Satz- und Druckfehler sowie Irrtum und technische \u00c4nderungen (Planma\u00dfe, Wohnfl\u00e4chen etc.) vorbehalten. Farbabweichungen bei allen Holz- und Fassadenfarben aus technischen Gr\u00fcnden m\u00f6glich.<\/p>\n<p>HARTL HAUS \u00fcbernimmt keine Verantwortung f\u00fcr die Inhalte aller verlinkten Webseiten auf unserer Homepage.<\/p>\n<div class=\"spacer\"><\/div>\n<h4>VERBRAUCHERSTREITBEILEGUNGSGESETZ<\/h4>\n<p>Der Unternehmer nimmt an keinem Streitbeilegungsverfahren nach dem Verbraucherstreitbeilegungsgesetz teil.<\/p>\n<div class=\"spacer\"><\/div>\n<h4>HINWEIS ZUR GENDERGERECHTEN SPRACHE<\/h4>\n<p>Aus Gr\u00fcnden der besseren Lesbarkeit wird auf die gleichzeitige Verwendung der Sprachformen m\u00e4nnlich, weiblich und divers (m\/w\/d) verzichtet. S\u00e4mtliche Personenbezeichnungen gelten gleicherma\u00dfen f\u00fcr alle Geschlechter.<\/p>\n<\/div>\n","protected":false},"excerpt":{"rendered":"<p>Impressum Angaben nach \u00a7 5 Telemediengesetz (TMG) Firma: HARTL HAUS Holzindustrie Vertriebsgesellschaft fu\u0308r Fertigh\u00e4user m.b.H. Firmensitz: Pr\u00e4lat-Roderer-Stra\u00dfe 1, 84095 Furth\/Landshut, Deutschland Telefon Firmensitz: +49 (0) 8704 928098 Verkaufsstelle: Senator-Gerauer-Stra\u00dfe 25, 85586 Poing, Parzelle 33, Deutschland Telefon Verkaufsstelle: +49 (0) 89 60824753 Internet: www.hartlhaus.de E-Mail: info@hartlhaus.de UID-Nummer: DE 161233196 Steuer-Nummer: 132\/128\/10813 Handelsregister: Amtsgericht Landshut HRB 7278 [&hellip;]<\/p>\n","protected":false},"author":1,"featured_media":0,"parent":0,"menu_order":0,"comment_status":"closed","ping_status":"closed","template":"","meta":{"_acf_changed":false,"inline_featured_image":false,"footnotes":""},"class_list":["post-4835","page","type-page","status-publish","hentry"],"acf":[],"_links":{"self":[{"href":"https:\/\/nidaloghouses.com\/de\/wp-json\/wp\/v2\/pages\/4835","targetHints":{"allow":["GET"]}}],"collection":[{"href":"https:\/\/nidaloghouses.com\/de\/wp-json\/wp\/v2\/pages"}],"about":[{"href":"https:\/\/nidaloghouses.com\/de\/wp-json\/wp\/v2\/types\/page"}],"author":[{"embeddable":true,"href":"https:\/\/nidaloghouses.com\/de\/wp-json\/wp\/v2\/users\/1"}],"replies":[{"embeddable":true,"href":"https:\/\/nidaloghouses.com\/de\/wp-json\/wp\/v2\/comments?post=4835"}],"version-history":[{"count":1,"href":"https:\/\/nidaloghouses.com\/de\/wp-json\/wp\/v2\/pages\/4835\/revisions"}],"predecessor-version":[{"id":4836,"href":"https:\/\/nidaloghouses.com\/de\/wp-json\/wp\/v2\/pages\/4835\/revisions\/4836"}],"wp:attachment":[{"href":"https:\/\/nidaloghouses.com\/de\/wp-json\/wp\/v2\/media?parent=4835"}],"curies":[{"name":"wp","href":"https:\/\/api.w.org\/{rel}","templated":true}]}}